{"id":53,"date":"2021-07-06T16:25:59","date_gmt":"2021-07-06T16:25:59","guid":{"rendered":"https:\/\/hundendinogdu.no\/?page_id=53"},"modified":"2021-12-28T19:47:46","modified_gmt":"2021-12-28T19:47:46","slug":"team","status":"publish","type":"page","link":"https:\/\/hundendinogdu.no\/index.php\/team\/","title":{"rendered":"TEAM"},"content":{"rendered":"\t\t<div data-elementor-type=\"wp-page\" data-elementor-id=\"53\" class=\"elementor elementor-53\">\n\t\t\t\t\t\t<section class=\"elementor-section elementor-top-section elementor-element elementor-element-5b5305f9 elementor-section-boxed elementor-section-height-default elementor-section-height-default\" data-id=\"5b5305f9\" data-element_type=\"section\" data-e-type=\"section\">\n\t\t\t\t\t\t<div class=\"elementor-container elementor-column-gap-default\">\n\t\t\t\t\t<div class=\"elementor-column elementor-col-100 elementor-top-column elementor-element elementor-element-4130c55b\" data-id=\"4130c55b\" data-element_type=\"column\" data-e-type=\"column\">\n\t\t\t<div class=\"elementor-widget-wrap elementor-element-populated\">\n\t\t\t\t\t\t<div class=\"elementor-element elementor-element-37a37098 elementor-widget elementor-widget-text-editor\" data-id=\"37a37098\" data-element_type=\"widget\" data-e-type=\"widget\" data-widget_type=\"text-editor.default\">\n\t\t\t\t<div class=\"elementor-widget-container\">\n\t\t\t\t\t\t\t\t\t\n<div class=\"wp-block-themeisle-blocks-advanced-columns has-1-columns has-desktop-equal-layout has-tablet-equal-layout has-mobile-equal-layout has-default-gap has-vertical-unset\" id=\"wp-block-themeisle-blocks-advanced-columns-689e8bf9\"><div class=\"wp-block-themeisle-blocks-advanced-columns-overlay\"><\/div><div class=\"innerblocks-wrap\">\n<div class=\"wp-block-themeisle-blocks-advanced-column\" id=\"wp-block-themeisle-blocks-advanced-column-9e2d0c7a\"><\/div>\n<\/div><\/div>\n\t\t\t\t\t\t\t\t<\/div>\n\t\t\t\t<\/div>\n\t\t\t\t\t<\/div>\n\t\t<\/div>\n\t\t\t\t\t<\/div>\n\t\t<\/section>\n\t\t\t\t<section class=\"elementor-section elementor-top-section elementor-element elementor-element-9baea21 elementor-section-boxed elementor-section-height-default elementor-section-height-default\" data-id=\"9baea21\" data-element_type=\"section\" data-e-type=\"section\">\n\t\t\t\t\t\t<div class=\"elementor-container elementor-column-gap-default\">\n\t\t\t\t\t<div class=\"elementor-column elementor-col-100 elementor-top-column elementor-element elementor-element-4e38691\" data-id=\"4e38691\" data-element_type=\"column\" data-e-type=\"column\">\n\t\t\t<div class=\"elementor-widget-wrap elementor-element-populated\">\n\t\t\t\t\t\t<div class=\"elementor-element elementor-element-80db97e elementor-widget elementor-widget-image\" data-id=\"80db97e\" data-element_type=\"widget\" data-e-type=\"widget\" data-widget_type=\"image.default\">\n\t\t\t\t<div class=\"elementor-widget-container\">\n\t\t\t\t\t\t\t\t\t\t\t\t\t\t\t<img fetchpriority=\"high\" decoding=\"async\" width=\"750\" height=\"285\" src=\"https:\/\/hundendinogdu.no\/wp-content\/uploads\/2021\/12\/HUNDENDINOGDU-TEAM-BANNER.png\" class=\"attachment-large size-large wp-image-183\" alt=\"\" srcset=\"https:\/\/hundendinogdu.no\/wp-content\/uploads\/2021\/12\/HUNDENDINOGDU-TEAM-BANNER.png 820w, https:\/\/hundendinogdu.no\/wp-content\/uploads\/2021\/12\/HUNDENDINOGDU-TEAM-BANNER-300x114.png 300w, https:\/\/hundendinogdu.no\/wp-content\/uploads\/2021\/12\/HUNDENDINOGDU-TEAM-BANNER-768x292.png 768w, https:\/\/hundendinogdu.no\/wp-content\/uploads\/2021\/12\/HUNDENDINOGDU-TEAM-BANNER-600x228.png 600w\" sizes=\"(max-width: 750px) 100vw, 750px\" \/>\t\t\t\t\t\t\t\t\t\t\t\t\t\t\t<\/div>\n\t\t\t\t<\/div>\n\t\t\t\t\t<\/div>\n\t\t<\/div>\n\t\t\t\t\t<\/div>\n\t\t<\/section>\n\t\t\t\t<section class=\"elementor-section elementor-top-section elementor-element elementor-element-8aedd86 elementor-section-boxed elementor-section-height-default elementor-section-height-default\" data-id=\"8aedd86\" data-element_type=\"section\" data-e-type=\"section\">\n\t\t\t\t\t\t<div class=\"elementor-container elementor-column-gap-default\">\n\t\t\t\t\t<div class=\"elementor-column elementor-col-100 elementor-top-column elementor-element elementor-element-41c23cb\" data-id=\"41c23cb\" data-element_type=\"column\" data-e-type=\"column\">\n\t\t\t<div class=\"elementor-widget-wrap elementor-element-populated\">\n\t\t\t\t\t\t<div class=\"elementor-element elementor-element-36c3157 elementor-widget elementor-widget-spacer\" data-id=\"36c3157\" data-element_type=\"widget\" data-e-type=\"widget\" data-widget_type=\"spacer.default\">\n\t\t\t\t<div class=\"elementor-widget-container\">\n\t\t\t\t\t\t\t<div class=\"elementor-spacer\">\n\t\t\t<div class=\"elementor-spacer-inner\"><\/div>\n\t\t<\/div>\n\t\t\t\t\t\t<\/div>\n\t\t\t\t<\/div>\n\t\t\t\t\t<\/div>\n\t\t<\/div>\n\t\t\t\t\t<\/div>\n\t\t<\/section>\n\t\t\t\t<section class=\"elementor-section elementor-top-section elementor-element elementor-element-8e41f9d elementor-section-boxed elementor-section-height-default elementor-section-height-default\" data-id=\"8e41f9d\" data-element_type=\"section\" data-e-type=\"section\">\n\t\t\t\t\t\t<div class=\"elementor-container elementor-column-gap-default\">\n\t\t\t\t\t<div class=\"elementor-column elementor-col-100 elementor-top-column elementor-element elementor-element-cd6144e\" data-id=\"cd6144e\" data-element_type=\"column\" data-e-type=\"column\">\n\t\t\t<div class=\"elementor-widget-wrap elementor-element-populated\">\n\t\t\t\t\t\t<div class=\"elementor-element elementor-element-bdc49d5 elementor-widget elementor-widget-image\" data-id=\"bdc49d5\" data-element_type=\"widget\" data-e-type=\"widget\" data-widget_type=\"image.default\">\n\t\t\t\t<div class=\"elementor-widget-container\">\n\t\t\t\t\t\t\t\t\t\t\t\t\t\t\t<img decoding=\"async\" width=\"750\" height=\"285\" src=\"https:\/\/hundendinogdu.no\/wp-content\/uploads\/2021\/12\/HUNDEN-DIN-OG-DU-TEAM-ANTONIO\u00b4S.png\" class=\"attachment-large size-large wp-image-188\" alt=\"\" srcset=\"https:\/\/hundendinogdu.no\/wp-content\/uploads\/2021\/12\/HUNDEN-DIN-OG-DU-TEAM-ANTONIO\u00b4S.png 820w, https:\/\/hundendinogdu.no\/wp-content\/uploads\/2021\/12\/HUNDEN-DIN-OG-DU-TEAM-ANTONIO\u00b4S-300x114.png 300w, https:\/\/hundendinogdu.no\/wp-content\/uploads\/2021\/12\/HUNDEN-DIN-OG-DU-TEAM-ANTONIO\u00b4S-768x292.png 768w, https:\/\/hundendinogdu.no\/wp-content\/uploads\/2021\/12\/HUNDEN-DIN-OG-DU-TEAM-ANTONIO\u00b4S-600x228.png 600w\" sizes=\"(max-width: 750px) 100vw, 750px\" \/>\t\t\t\t\t\t\t\t\t\t\t\t\t\t\t<\/div>\n\t\t\t\t<\/div>\n\t\t\t\t\t<\/div>\n\t\t<\/div>\n\t\t\t\t\t<\/div>\n\t\t<\/section>\n\t\t\t\t<section class=\"elementor-section elementor-top-section elementor-element elementor-element-e128583 elementor-section-boxed elementor-section-height-default elementor-section-height-default\" data-id=\"e128583\" data-element_type=\"section\" data-e-type=\"section\">\n\t\t\t\t\t\t<div class=\"elementor-container elementor-column-gap-default\">\n\t\t\t\t\t<div class=\"elementor-column elementor-col-100 elementor-top-column elementor-element elementor-element-1dc3ccb\" data-id=\"1dc3ccb\" data-element_type=\"column\" data-e-type=\"column\">\n\t\t\t<div class=\"elementor-widget-wrap elementor-element-populated\">\n\t\t\t\t\t\t<div class=\"elementor-element elementor-element-6790e80 elementor-widget elementor-widget-text-editor\" data-id=\"6790e80\" data-element_type=\"widget\" data-e-type=\"widget\" data-widget_type=\"text-editor.default\">\n\t\t\t\t<div class=\"elementor-widget-container\">\n\t\t\t\t\t\t\t\t\t<p>Hva skal jeg si?<\/p>\n<p><em><strong>Min verden ville ikke v\u00e6rt den samme, uten hver av dem,<\/strong><strong> med sine gode ting og sine krumspring.<\/strong><\/em><\/p>\n<p>Takket v\u00e6re <strong><em>ANTONIO&#8217;S<\/em><\/strong> har jeg l\u00e6rt hva et TEAM er og viktigheten av det. Hunder m\u00e5 v\u00e6re i sosiale grupper og leve sammen med andre av samme art.<\/p>\n<p>For tiden bor vi med 8 hunder, pluss ytterligere to eller tre beskyttende valper som vi samarbeider i fosterhjem med <a href=\"https:\/\/www.weimaranerescue.org\/\">WEIMARANER RESCUE SPAIN<\/a> og <a href=\"https:\/\/www.xn--proyectocaada-rkb.org\/\">PROYECTO CA\u00d1ADA<\/a> foreningene. De er en del av utdanningsprogrammene slik at adopsjonen blir lettere senere.<\/p>\n<p>Teamet danner grunnlaget for v\u00e5rt utdanningskonsept, <span style=\"text-decoration: underline;\"><em><strong>TEAM PROSJEKT.<\/strong><\/em><\/span><\/p>\n<p>Med <em><strong>Los Antonio&#8217;s<\/strong><\/em> sosialiserer vi valpene som kommer til v\u00e5rt senter og er deres eksempel \u00e5 f\u00f8lge siden de alle er balanserte og glade hunder.<\/p>\n<p>Vi utdanner valpene p\u00e5 en naturlig og respektfull m\u00e5te for \u00e5 oppn\u00e5 balanserte og glade voksne hunder.<\/p>\n<p>Hvis du vil vite mer om dem, g\u00e5 til instagramkontoen deres <a href=\"https:\/\/www.instagram.com\/losantoniosteam\/\">@losantoniosteam<\/a><\/p>\t\t\t\t\t\t\t\t<\/div>\n\t\t\t\t<\/div>\n\t\t\t\t\t<\/div>\n\t\t<\/div>\n\t\t\t\t\t<\/div>\n\t\t<\/section>\n\t\t\t\t<section class=\"elementor-section elementor-top-section elementor-element elementor-element-655ce07 elementor-section-boxed elementor-section-height-default elementor-section-height-default\" data-id=\"655ce07\" data-element_type=\"section\" data-e-type=\"section\">\n\t\t\t\t\t\t<div class=\"elementor-container elementor-column-gap-default\">\n\t\t\t\t\t<div class=\"elementor-column elementor-col-100 elementor-top-column elementor-element elementor-element-74c9e4c\" data-id=\"74c9e4c\" data-element_type=\"column\" data-e-type=\"column\">\n\t\t\t<div class=\"elementor-widget-wrap elementor-element-populated\">\n\t\t\t\t\t\t<div class=\"elementor-element elementor-element-566e1e6 elementor-widget elementor-widget-image\" data-id=\"566e1e6\" data-element_type=\"widget\" data-e-type=\"widget\" data-widget_type=\"image.default\">\n\t\t\t\t<div class=\"elementor-widget-container\">\n\t\t\t\t\t\t\t\t\t\t\t\t\t\t\t<img decoding=\"async\" width=\"750\" height=\"285\" src=\"https:\/\/hundendinogdu.no\/wp-content\/uploads\/2021\/12\/HUNDEN-DIN-OG-DU-TEAM-JOSE-BARCIA.png\" class=\"attachment-large size-large wp-image-195\" alt=\"\" srcset=\"https:\/\/hundendinogdu.no\/wp-content\/uploads\/2021\/12\/HUNDEN-DIN-OG-DU-TEAM-JOSE-BARCIA.png 820w, https:\/\/hundendinogdu.no\/wp-content\/uploads\/2021\/12\/HUNDEN-DIN-OG-DU-TEAM-JOSE-BARCIA-300x114.png 300w, https:\/\/hundendinogdu.no\/wp-content\/uploads\/2021\/12\/HUNDEN-DIN-OG-DU-TEAM-JOSE-BARCIA-768x292.png 768w, https:\/\/hundendinogdu.no\/wp-content\/uploads\/2021\/12\/HUNDEN-DIN-OG-DU-TEAM-JOSE-BARCIA-600x228.png 600w\" sizes=\"(max-width: 750px) 100vw, 750px\" \/>\t\t\t\t\t\t\t\t\t\t\t\t\t\t\t<\/div>\n\t\t\t\t<\/div>\n\t\t\t\t\t<\/div>\n\t\t<\/div>\n\t\t\t\t\t<\/div>\n\t\t<\/section>\n\t\t\t\t<section class=\"elementor-section elementor-top-section elementor-element elementor-element-433cc18 elementor-section-boxed elementor-section-height-default elementor-section-height-default\" data-id=\"433cc18\" data-element_type=\"section\" data-e-type=\"section\">\n\t\t\t\t\t\t<div class=\"elementor-container elementor-column-gap-default\">\n\t\t\t\t\t<div class=\"elementor-column elementor-col-100 elementor-top-column elementor-element elementor-element-15e3a56\" data-id=\"15e3a56\" data-element_type=\"column\" data-e-type=\"column\">\n\t\t\t<div class=\"elementor-widget-wrap elementor-element-populated\">\n\t\t\t\t\t\t<div class=\"elementor-element elementor-element-d15ed0e elementor-widget elementor-widget-text-editor\" data-id=\"d15ed0e\" data-element_type=\"widget\" data-e-type=\"widget\" data-widget_type=\"text-editor.default\">\n\t\t\t\t<div class=\"elementor-widget-container\">\n\t\t\t\t\t\t\t\t\t<p><span style=\"text-decoration: underline;\"><em><strong>JOSE BARCIA<\/strong><\/em><\/span><\/p>\n<p>&#8211; Hundepedagog. Valpespesialist.<\/p>\n<p>&#8211; Jeg er direkt\u00f8r for <a href=\"http:\/\/www.cachorrostodoterreno.com\">cachorrostodoterreno.com<\/a><\/p>\n<p>\u2013 Jeg driver <a href=\"http:\/\/www.hundevakten.com\">HundeVakten-senteret<\/a> sammen ved hjelp av Javi.<\/p>\n<p>&#8211; Mushing teknisk delegat fra Madrids vintersportforbund.<\/p>\n<p>\u2013 Jeg trener alltid, spesielt i forhold til VALPENS verden, det er alltid nye ting \u00e5 l\u00e6re. I tillegg holder jeg hvert \u00e5r utdanningskurs knyttet til kognitiv \u2013 emosjonell.<\/p>\n<p>&#8211; Grunnlegger av <a href=\"https:\/\/www.facebook.com\/dyrupsanturiodeanimales\/\">Dyr-Up DYREREDNING Animal Sanctuary.<\/a> Et rom for g\u00e5rdsdyrenes frie liv og for \u00e5 vekke menneskers bevissthet i deres forhold til andre levende vesener.<\/p>\n<p>&#8211; Medlem av Vegan Up, et fellesskap av gr\u00fcndere forent rundt en sak: skape en ny, sunn, b\u00e6rekraftig og etisk verden <a href=\"http:\/\/vegan-up.es\">http:\/\/vegan-up.es<\/a><\/p>\n<p>\u2013 Og JEG INVITERER deg hvis du vil sladre om CV-en min,<a href=\"https:\/\/www.linkedin.com\/in\/josebarciaarias\/\"> LinkedIn<\/a><\/p>\t\t\t\t\t\t\t\t<\/div>\n\t\t\t\t<\/div>\n\t\t\t\t\t<\/div>\n\t\t<\/div>\n\t\t\t\t\t<\/div>\n\t\t<\/section>\n\t\t\t\t<\/div>\n\t\t","protected":false},"excerpt":{"rendered":"<p>Hva skal jeg si? Min verden ville ikke v\u00e6rt den samme, uten hver av dem, med sine gode ting og sine krumspring. Takket v\u00e6re ANTONIO&#8217;S har jeg l\u00e6rt hva et TEAM er og viktigheten av det. Hunder m\u00e5 v\u00e6re i sosiale grupper og leve sammen med andre av samme art. [&hellip;]<\/p>\n","protected":false},"author":1,"featured_media":203,"parent":0,"menu_order":0,"comment_status":"closed","ping_status":"closed","template":"","meta":{"footnotes":""},"class_list":["post-53","page","type-page","status-publish","has-post-thumbnail","hentry"],"_links":{"self":[{"href":"https:\/\/hundendinogdu.no\/index.php\/wp-json\/wp\/v2\/pages\/53","targetHints":{"allow":["GET"]}}],"collection":[{"href":"https:\/\/hundendinogdu.no\/index.php\/wp-json\/wp\/v2\/pages"}],"about":[{"href":"https:\/\/hundendinogdu.no\/index.php\/wp-json\/wp\/v2\/types\/page"}],"author":[{"embeddable":true,"href":"https:\/\/hundendinogdu.no\/index.php\/wp-json\/wp\/v2\/users\/1"}],"replies":[{"embeddable":true,"href":"https:\/\/hundendinogdu.no\/index.php\/wp-json\/wp\/v2\/comments?post=53"}],"version-history":[{"count":17,"href":"https:\/\/hundendinogdu.no\/index.php\/wp-json\/wp\/v2\/pages\/53\/revisions"}],"predecessor-version":[{"id":204,"href":"https:\/\/hundendinogdu.no\/index.php\/wp-json\/wp\/v2\/pages\/53\/revisions\/204"}],"wp:featuredmedia":[{"embeddable":true,"href":"https:\/\/hundendinogdu.no\/index.php\/wp-json\/wp\/v2\/media\/203"}],"wp:attachment":[{"href":"https:\/\/hundendinogdu.no\/index.php\/wp-json\/wp\/v2\/media?parent=53"}],"curies":[{"name":"wp","href":"https:\/\/api.w.org\/{rel}","templated":true}]}}